{"id":2349,"date":"2023-08-24T10:28:41","date_gmt":"2023-08-24T10:28:41","guid":{"rendered":"https:\/\/www.lifecrolis.hr\/results-e1\/"},"modified":"2024-02-08T13:50:50","modified_gmt":"2024-02-08T13:50:50","slug":"results-e1","status":"publish","type":"page","link":"https:\/\/www.lifecrolis.hr\/en\/results-e1\/","title":{"rendered":"Results E1"},"content":{"rendered":"\n<div class=\"wrapper\" data-id=\"57023967\"  \n\t\t>\n\t\t\n\t\t\t<div class=\"wrapper__inner\">\n\t\t\t\n<div class=\"block-image\" data-id=\"b0d8ccff\">\n\t<picture class=\"image block-image__image\" data-id=\"775a32ae\">\n\n\t\n\t\t\t\t\t\t\t\t\t\n\t<img\n\t\tsrc=\"https:\/\/www.lifecrolis.hr\/wp-content\/uploads\/2023\/05\/Mini_kolaz.png\"\n\t\talt=\"\"\n\t\tclass=\"image__img block-image__image-img\"\n\t\/>\n<\/picture><\/div>\n\t\t<\/div>\n\t<\/div>\n\n\n<div class=\"wrapper wrapper--simple\" data-id=\"be2c4628\"  \n\t\t>\n\t\t\n\t\n<div class=\"block-columns\" data-id=\"6f4715df\">\n\t\n\n<div class=\"block-column\" data-id=\"eae88186\">\n\t\n\n<div class=\"wrapper wrapper--simple\" data-id=\"2d02cd48\"  \n\t\t>\n\t\t\n\t\t\t<div class=\"wrapper__inner\">\n\t\t\t\n<div class=\"block-button\" data-id=\"8697766b\">\n\t<a\n\t\t\n\t\thref=\"https:\/\/www.lifecrolis.hr\/en\/results\/\"\n\t\tclass=\"btn btn__link block-button__btn\"\n\t\t\t\ttitle=\"Back to Results\"\n\t\t\t\tdata-id=\"3a52f5db\"\n\t\t\t>\n\t<i class=\"icon btn__icon\" data-id=\"1c7268dd\">\n\t<svg width='24' height='24' viewBox='0 0 24 24' fill='none' xmlns='http:\/\/www.w3.org\/2000\/svg'><path d='M9.717 5 3 12l6.717 7' stroke='currentColor' stroke-width='2' stroke-linecap='round' stroke-linejoin='round' fill='none'\/><path stroke='currentColor' stroke-width='2' stroke-linecap='round' d='M4.267 12.032H20' fill='none'\/><\/svg><\/i>\t\t<span>\n\t\tBack to Results<\/span>\n\t\t\t<\/a><\/div>\n\t\t<\/div>\n\t<\/div>\n<\/div>\n\n<\/div>\n<\/div>\n\n\n<div class=\"wrapper wrapper--simple\" data-id=\"9f55b48e\"  \n\t\t>\n\t\t\n\t\n<div class=\"block-columns\" data-id=\"f1a3c8a8\">\n\t\n\n<div class=\"block-column\" data-id=\"e4537101\">\n\t\n\n<div class=\"wrapper wrapper--simple\" data-id=\"0466eabb\"  \n\t\t>\n\t\t\n\t\t\t<div class=\"wrapper__inner\">\n\t\t\t\n<div class=\"block-paragraph\" data-id=\"d87131d7\">\n\t<p class=\"paragraph block-paragraph__paragraph\" data-id=\"29f485a2\">\n\tE   Communication and dissemination of results<\/p><\/div>\t\t<\/div>\n\t<\/div>\n\n\n<div class=\"wrapper wrapper--simple\" data-id=\"de3ed2f5\"  \n\t\t>\n\t\t\n\t\t\t<div class=\"wrapper__inner\">\n\t\t\t\n<div class=\"block-heading\" data-id=\"ee219d3b\">\n\t<h2 class=\"heading block-heading__heading\" data-id=\"5f66eb7f\">\n\tResults E1 \u2013 Dissemination of results<\/h2><\/div>\n\t\t<\/div>\n\t<\/div>\n\n\n<div class=\"wrapper wrapper--simple\" data-id=\"53b41d7d\"  \n\t\t>\n\t\t\n\t\t\t<div class=\"wrapper__inner\">\n\t\t\t\n<div class=\"block-paragraph\" data-id=\"bf20d423\">\n\t<p class=\"paragraph block-paragraph__paragraph\" data-id=\"8b3f556f\">\n\t<strong>Subaction E1-S1 Results<\/strong><\/p><\/div>\t\t<\/div>\n\t<\/div>\n\n\n<div class=\"wrapper wrapper--simple\" data-id=\"30a9e000\"  \n\t\t>\n\t\t\n\t\t\t<div class=\"wrapper__inner\">\n\t\t\t\n<div class=\"block-paragraph\" data-id=\"e962d041\">\n\t<p class=\"paragraph block-paragraph__paragraph\" data-id=\"ef913bec\">\n\t<strong>LIFE CROLIS Visibility event of 3rd October 2023 National and University Library in Zagreb<\/strong><\/p><\/div>\t\t<\/div>\n\t<\/div>\n\n\n<div class=\"block-paragraph\" data-id=\"dd20d126\">\n\t<p class=\"paragraph block-paragraph__paragraph\" data-id=\"c5b9f192\">\n\tUnder Project action E1 &#8220;Dissemination of results&#8221;, sub-action 1. &#8220;Communication Strategy&#8221; the first LIFE CROLIS Visibility event (of three planned) was held in National and University Library in Zagreb on 3rd October 2023.<\/p><\/div>\n\n\n<div class=\"block-paragraph\" data-id=\"91fa8719\">\n\t<p class=\"paragraph block-paragraph__paragraph\" data-id=\"c0af4060\">\n\tThe Visibility event was attended by 99 invited persons representing international, state and regional authorities and institutions, the academic community, the NGO sector, the representatives of the private sector (consultants) and persons employed on the Project.<\/p><\/div>\n\n\n<div class=\"block-paragraph\" data-id=\"17cf48ae\">\n\t<p class=\"paragraph block-paragraph__paragraph\" data-id=\"beab0728\">\n\tIn accordance with the Grant Agreement, representatives from various Croatian institutions (such as ministries, agencies, scientific institutions, regional governments, non-governmental organizations, etc.) were invited to the Visibility event.<\/p><\/div>\n\n\n<div class=\"block-paragraph\" data-id=\"302eb41c\">\n\t<p class=\"paragraph block-paragraph__paragraph\" data-id=\"1512db0a\">\n\tThe Visibility event was opened by Mr. Ivo Milati\u0107, the State Secretary in the Ministry of Economy and Sustainable Development. A welcoming speech was delivered by Mr. Goran Ivanovi\u0107, a member of the Croatian Parliament.<\/p><\/div>\n\n\n<div class=\"block-paragraph\" data-id=\"fd50dd2b\">\n\t<p class=\"paragraph block-paragraph__paragraph\" data-id=\"216207b5\">\n\tFour invited representatives of neighbouring countries responded to the invitation: Mr. Hamid \u010custovi\u0107 Ph.D.&nbsp; (BiH), Mr. Neboj\u0161a Red\u017ei\u0107 (Serbia), Mr. Du\u0161ko Mrdak (Montenegro), and Mr. &nbsp;Ljup\u010de Nestorovski (North Macedonia).<\/p><\/div>\n\n\n<div class=\"block-paragraph\" data-id=\"3988d3ad\">\n\t<p class=\"paragraph block-paragraph__paragraph\" data-id=\"5c487e1b\">\n\tTwo EU experts in LULUFC participated the Event: Mr. Tobias Langanke (European Environment Agency) and Mrs. Valeria Forlin Ph.D.&nbsp; (Directorate General for Climate Policy, attended on-line).<\/p><\/div>\n\n\n<div class=\"block-paragraph\" data-id=\"59231762\">\n\t<p class=\"paragraph block-paragraph__paragraph\" data-id=\"61fcbacc\">\n\tMrs. Agata Ho\u015bci\u0142o Ph.D. (Poland, InCoNaDa project) as one of two invited representatives of similar projects in the EU attended the Visibility event with her presentation.<\/p><\/div>\n\n\n<div class=\"block-paragraph\" data-id=\"84ec0f50\">\n\t<p class=\"paragraph block-paragraph__paragraph\" data-id=\"308aa7a2\">\n\tThe venue, promotional materials and presentations were aligned with the project&#8217;s visual identity standard and visibly presented the logo of the LIFE CROLIS project and the logo of the EU LIFE Programme.<\/p><\/div>\n\n\n<div class=\"block-paragraph\" data-id=\"cecb64b2\">\n\t<p class=\"paragraph block-paragraph__paragraph\" data-id=\"7b74bf88\">\n\tThe Visibility was announced and covered by the Croatian media.<\/p><\/div>\n\n\n<div class=\"wrapper wrapper--simple\" data-id=\"47c88ff1\"  \n\t\t>\n\t\t\n\t\t\t<div class=\"wrapper__inner\">\n\t\t\t\n<div class=\"block-paragraph\" data-id=\"32683ae9\">\n\t<p class=\"paragraph block-paragraph__paragraph\" data-id=\"6d327116\">\n\tInformation about the 1<sup>st<\/sup> LIFE CROLIS Visibility event and presentations are published on the project website: <a href=\"http:\/\/www.lifecrolis.hr\">www.lifecrolis.hr<\/a>.<\/p><\/div>\t\t<\/div>\n\t<\/div>\n\n\n<div class=\"block-paragraph\" data-id=\"8d31720a\">\n\t<p class=\"paragraph block-paragraph__paragraph\" data-id=\"94520ccf\">\n\tThe workshop expenses included:<\/p><\/div>\n\n\n<ol type=\"1\">\n<li>Equipment rental<\/li>\n\n\n\n<li>Catering costs<\/li>\n\n\n\n<li>Travel and accommodation costs for foreign guests<\/li>\n\n\n\n<li>Simultaneous translation (interpreters HR\/EN)<\/li>\n<\/ol>\n\n\n\n<div class=\"wrapper wrapper--simple\" data-id=\"d9f35632\"  \n\t\t>\n\t\t\n\t\t\t<div class=\"wrapper__inner\">\n\t\t\t\t\t<\/div>\n\t<\/div>\n\n\n<div class=\"block-paragraph\" data-id=\"16a038ca\">\n\t<p class=\"paragraph block-paragraph__paragraph\" data-id=\"75a5c68b\">\n\tExhaustive report on LIFE CROLIS Visibility event of 3rd October 2023: <\/p><\/div>\n\n\n<div class=\"wrapper wrapper--simple\" data-id=\"a115911f\"  \n\t\t>\n\t\t\n\t\t\t<div class=\"wrapper__inner\">\n\t\t\t\n<div class=\"block-paragraph\" data-id=\"a359fef1\">\n\t<p class=\"paragraph block-paragraph__paragraph\" data-id=\"ac375606\">\n\t<a href=\"https:\/\/www.lifecrolis.hr\/wp-content\/uploads\/2024\/02\/240207-LIFE-CROLIS-Izvjesce-s-visiblity-eventa-za-web-objavu-final.pdf\">Report on the 1<sup>st<\/sup> LIFE CROLIS Visibility event of 3<sup>rd<\/sup> October 2023 (HR)<\/a><\/p><\/div>\t\t<\/div>\n\t<\/div>\n\n\n<div class=\"block-paragraph\" data-id=\"9265f7b9\">\n\t<p class=\"paragraph block-paragraph__paragraph\" data-id=\"6f95b0f9\">\n\tAgenda: <\/p><\/div>\n\n\n<div class=\"wrapper wrapper--simple\" data-id=\"8b2986ba\"  \n\t\t>\n\t\t\n\t\t\t<div class=\"wrapper__inner\">\n\t\t\t\n<div class=\"block-paragraph\" data-id=\"f9194a46\">\n\t<p class=\"paragraph block-paragraph__paragraph\" data-id=\"e256d2eb\">\n\t<a href=\"https:\/\/www.lifecrolis.hr\/wp-content\/uploads\/2023\/10\/00-LIFE-CROLIS-visibility-event-Agenda-final-3.pdf\" data-type=\"link\" data-id=\"https:\/\/www.lifecrolis.hr\/wp-content\/uploads\/2023\/10\/00-LIFE-CROLIS-visibility-event-Agenda-final-3.pdf\">Agenda<\/a><\/p><\/div>\t\t<\/div>\n\t<\/div>\n\n\n<div class=\"block-paragraph\" data-id=\"fdb5532f\">\n\t<p class=\"paragraph block-paragraph__paragraph\" data-id=\"796934a9\">\n\tPresentations:<\/p><\/div>\n\n\n<ol type=\"1\">\n<li><a href=\"https:\/\/www.lifecrolis.hr\/wp-content\/uploads\/2023\/10\/01-Projekt-LIFE-CROLIS-3-10-2023-Visnja-Grgasovic-3.pdf\" data-type=\"link\" data-id=\"https:\/\/www.lifecrolis.hr\/wp-content\/uploads\/2023\/10\/01-Projekt-LIFE-CROLIS-3-10-2023-Visnja-Grgasovic-3.pdf\">Project LIFE CROLIS, Vi\u0161nja Grgasovi\u0107, MESD<\/a> &#8211; HR<\/li>\n\n\n\n<li><a href=\"https:\/\/www.lifecrolis.hr\/wp-content\/uploads\/2023\/10\/02-LULUCF-i-projekt-LIFE-CROLIS-Vladimir-Jelavic-i-Delfa-Rados-3.pdf\" data-type=\"link\" data-id=\"https:\/\/www.lifecrolis.hr\/wp-content\/uploads\/2023\/10\/02-LULUCF-i-projekt-LIFE-CROLIS-Vladimir-Jelavic-i-Delfa-Rados-3.pdf\">LULUCF sector and project LIFE CROLIS, dr. sc. Vladimir Jelavi\u0107 and Delfa Rado\u0161, EKONERG d.o.o.<\/a> &#8211; HR<\/li>\n\n\n\n<li><a href=\"https:\/\/www.lifecrolis.hr\/wp-content\/uploads\/2023\/10\/03-CROLIS-LULUCF-Valeria-Forlin-3.pdf\" data-type=\"link\" data-id=\"https:\/\/www.lifecrolis.hr\/wp-content\/uploads\/2023\/10\/03-CROLIS-LULUCF-Valeria-Forlin-3.pdf\">Proposal for an EU Regulation on Carbon Removals Certification, Valeria Forlin, PhD, EC DG CLIMA<\/a> &#8211; EN<\/li>\n\n\n\n<li><a href=\"https:\/\/www.lifecrolis.hr\/wp-content\/uploads\/2023\/10\/04-EAGLE_EEA_LULUCF_Instance-Banko-3.pdf\" data-type=\"link\" data-id=\"https:\/\/www.lifecrolis.hr\/wp-content\/uploads\/2023\/10\/04-EAGLE_EEA_LULUCF_Instance-Banko-3.pdf\">EAGLE concept and its application in the LIFE CROLIS project, Gebhard Banko, EEA<\/a> &#8211; EN<\/li>\n\n\n\n<li><a href=\"https:\/\/www.lifecrolis.hr\/wp-content\/uploads\/2023\/10\/05-Presentation-LIFE-CROLIS-Krnjak.pdf\" data-type=\"link\" data-id=\"https:\/\/www.lifecrolis.hr\/wp-content\/uploads\/2023\/10\/05-Presentation-LIFE-CROLIS-Krnjak.pdf\">Presentation of the project LIFE CROLIS, Domagoj Stjepan Krnjak, MESD, PWT<\/a> &#8211; EN<\/li>\n\n\n\n<li><a href=\"https:\/\/www.lifecrolis.hr\/wp-content\/uploads\/2023\/10\/06-Klimatske-promjene-EU-i-nacionalne-odredbe-Palcic-MINGOR-3.pdf\" data-type=\"link\" data-id=\"https:\/\/www.lifecrolis.hr\/wp-content\/uploads\/2023\/10\/06-Klimatske-promjene-EU-i-nacionalne-odredbe-Palcic-MINGOR-3.pdf\">Climate changes, EU and national regulations, Vlatka Pal\u010di\u0107, MESD<\/a> &#8211; HR<\/li>\n\n\n\n<li><a href=\"https:\/\/www.lifecrolis.hr\/wp-content\/uploads\/2023\/10\/07-LIFE-CROLIS-kao-dio-Informacijskog-sustava-zastite-okolisa-Pavlinec-ZZOP-2.pdf\" data-type=\"link\" data-id=\"https:\/\/www.lifecrolis.hr\/wp-content\/uploads\/2023\/10\/07-LIFE-CROLIS-kao-dio-Informacijskog-sustava-zastite-okolisa-Pavlinec-ZZOP-2.pdf\">LIFE CROLIS as a part of Environment Information System, Branimir Pavlinec, MINGOR, Institute for Environment and Nature<\/a> &#8211; HR<\/li>\n\n\n\n<li><a href=\"https:\/\/www.lifecrolis.hr\/wp-content\/uploads\/2023\/10\/08-Izrada-Land-use-sloja-za-Hrvatsku-2020-2.pdf\" data-type=\"link\" data-id=\"https:\/\/www.lifecrolis.hr\/wp-content\/uploads\/2023\/10\/08-Izrada-Land-use-sloja-za-Hrvatsku-2020-2.pdf\">Creation of the Land use layer for Croatia (2020), Nino Male\u0161i\u0107, EKONERG d.o.o.<\/a> &#8211; HR<\/li>\n\n\n\n<li><a href=\"https:\/\/www.lifecrolis.hr\/wp-content\/uploads\/2023\/10\/09-CROLIS_prezentacija_APPRRR_NSK_03_10_2023_eng_v2.pdf\" data-type=\"link\" data-id=\"https:\/\/www.lifecrolis.hr\/wp-content\/uploads\/2023\/10\/09-CROLIS_prezentacija_APPRRR_NSK_03_10_2023_eng_v2.pdf\">Challenges in establishing the ARKOD+ (plus) and CROLIS (vector) LU layers in Croatia, Mladen Majcen, PAAFRD<\/a> &#8211; EN<\/li>\n\n\n\n<li><a href=\"https:\/\/www.lifecrolis.hr\/wp-content\/uploads\/2023\/10\/10-SGA-IN-CROLIS_20230712FF.pdf\" data-type=\"link\" data-id=\"https:\/\/www.lifecrolis.hr\/wp-content\/uploads\/2023\/10\/10-SGA-IN-CROLIS_20230712FF.pdf\">Activities of State Geodetic Administration in CROLIS; Creation of nDSM for Republic of Croatia, Tomislav Ciceli and Ljerka Mari\u0107, SGA<\/a> &#8211; EN<\/li>\n\n\n\n<li><a href=\"https:\/\/www.lifecrolis.hr\/wp-content\/uploads\/2023\/10\/11-Razvoj-Land-cover-metodologije-za-Hrvatsku-2020.-prikaz-prvih-rezultata-2.pdf\" data-type=\"link\" data-id=\"https:\/\/www.lifecrolis.hr\/wp-content\/uploads\/2023\/10\/11-Razvoj-Land-cover-metodologije-za-Hrvatsku-2020.-prikaz-prvih-rezultata-2.pdf\">Development of Land cover methodology for Croatia (2020) &#8211; presentation of the first results, Nino Male\u0161i\u0107, EKONERG d.o.o.<\/a> &#8211; HR<\/li>\n\n\n\n<li><a href=\"https:\/\/www.lifecrolis.hr\/wp-content\/uploads\/2023\/10\/12-Presentation_Croatian_forests_october_2023.pdf\" data-type=\"link\" data-id=\"https:\/\/www.lifecrolis.hr\/wp-content\/uploads\/2023\/10\/12-Presentation_Croatian_forests_october_2023.pdf\">Croatian Forests Data and the LIFECROLIS Project, Goran Kova\u010d, CF<\/a> &#8211; EN<\/li>\n\n\n\n<li><a href=\"https:\/\/www.lifecrolis.hr\/wp-content\/uploads\/2023\/10\/13-InCoNaDa.pdf\">Enhancing the user uptake of Land Cover \/ Land Use information derived from the integration of Copernicus services and national databases &#8211; \u201eInCoNaDa\u201d Project<\/a> &#8211; EN<\/li>\n<\/ol>\n\n\n\n<div class=\"wrapper wrapper--simple\" data-id=\"4349034f\"  \n\t\t>\n\t\t\n\t\t\t<div class=\"wrapper__inner\">\n\t\t\t\t\t<\/div>\n\t<\/div>\n\n\n<div class=\"wrapper wrapper--simple\" data-id=\"b5215083\"  \n\t\t>\n\t\t\n\t\t\t<div class=\"wrapper__inner\">\n\t\t\t\t\t<\/div>\n\t<\/div>\n<\/div>\n\n\n\n<div class=\"block-column\" data-id=\"d387766d\">\n\t\n\n<div class=\"wrapper wrapper--simple\" data-id=\"512c7b95\"  \n\t\t>\n\t\t\n\t\n<div class=\"block-columns\" data-id=\"926c1fe6\">\n\t\n\n<div class=\"block-column\" data-id=\"087f6f24\">\n\t\n\n<div class=\"wrapper wrapper--simple\" data-id=\"d4ace04a\"  \n\t\t>\n\t\t\n\t\t\t<div class=\"wrapper__inner\">\n\t\t\t\n<div class=\"block-heading\" data-id=\"807e959a\">\n\t<h2 class=\"heading block-heading__heading\" data-id=\"0bc550f0\">\n\tNext results<\/h2><\/div>\n\t\t<\/div>\n\t<\/div>\n<\/div>\n\n\n\n<div class=\"block-column\" data-id=\"bcb6b25a\">\n\t\n\n<div class=\"wrapper wrapper--simple\" data-id=\"32d7a31d\"  \n\t\t>\n\t\t\n\t\t\t<div class=\"wrapper__inner\">\n\t\t\t\n<div class=\"block-heading\" data-id=\"1e825d18\">\n\t<h2 class=\"heading block-heading__heading\" data-id=\"b3923a77\">\n\tResults E2<\/h2><\/div>\n\t\t<\/div>\n\t<\/div>\n\n\n<div class=\"wrapper wrapper--simple\" data-id=\"f8b74ad6\"  \n\t\t>\n\t\t\n\t\t\t<div class=\"wrapper__inner\">\n\t\t\t\n<div class=\"block-paragraph\" data-id=\"0f0e6eed\">\n\t<p class=\"paragraph block-paragraph__paragraph\" data-id=\"7a1f6609\">\n\tNetworking with other projects<\/p><\/div>\t\t<\/div>\n\t<\/div>\n\n\n<div class=\"wrapper wrapper--simple\" data-id=\"c674c607\"  \n\t\t>\n\t\t\n\t\t\t<div class=\"wrapper__inner\">\n\t\t\t\n<div class=\"block-button\" data-id=\"8731632d\">\n\t<a\n\t\t\n\t\thref=\"https:\/\/www.lifecrolis.hr\/en\/results-e2\/\"\n\t\tclass=\"btn block-button__btn\"\n\t\t\t\ttitle=\"Report on Action\"\n\t\t\t\tdata-id=\"4b492d9d\"\n\t\t\t>\n\t\t\t<span>\n\t\tReport on Action<\/span>\n\t\t<i class=\"icon btn__icon\" data-id=\"03d888b3\">\n\t<svg width='24' height='24' viewBox='0 0 24 24' fill='none' xmlns='http:\/\/www.w3.org\/2000\/svg'><path d='M14.283 5 21 12l-6.717 7' stroke='currentColor' stroke-width='2' stroke-linecap='round' stroke-linejoin='round' fill='none'\/><path stroke='currentColor' stroke-width='2' stroke-linecap='round' d='M19.733 12.032H4' fill='none'\/><\/svg><\/i>\t<\/a><\/div>\n\t\t<\/div>\n\t<\/div>\n<\/div>\n\n\n\n<div class=\"block-column\" data-id=\"1b36e1fb\">\n\t\n\n<div class=\"wrapper wrapper--simple\" data-id=\"117986ee\"  \n\t\t>\n\t\t\n\t\t\t<div class=\"wrapper__inner\">\n\t\t\t\n<div class=\"block-heading\" data-id=\"51be76cb\">\n\t<h2 class=\"heading block-heading__heading\" data-id=\"8fbba284\">\n\tResults F1<\/h2><\/div>\n\t\t<\/div>\n\t<\/div>\n\n\n<div class=\"wrapper wrapper--simple\" data-id=\"ddd54790\"  \n\t\t>\n\t\t\n\t\t\t<div class=\"wrapper__inner\">\n\t\t\t\n<div class=\"block-paragraph\" data-id=\"ce8ee3df\">\n\t<p class=\"paragraph block-paragraph__paragraph\" data-id=\"6c9c3643\">\n\tOverall project management<\/p><\/div>\t\t<\/div>\n\t<\/div>\n\n\n<div class=\"wrapper wrapper--simple\" data-id=\"333abfff\"  \n\t\t>\n\t\t\n\t\t\t<div class=\"wrapper__inner\">\n\t\t\t\n<div class=\"block-button\" data-id=\"82bd608c\">\n\t<a\n\t\t\n\t\thref=\"https:\/\/www.lifecrolis.hr\/en\/results-f1\/\"\n\t\tclass=\"btn block-button__btn\"\n\t\t\t\ttitle=\"Report on Action\"\n\t\t\t\tdata-id=\"78b69b82\"\n\t\t\t>\n\t\t\t<span>\n\t\tReport on Action<\/span>\n\t\t<i class=\"icon btn__icon\" data-id=\"01e4c263\">\n\t<svg width='24' height='24' viewBox='0 0 24 24' fill='none' xmlns='http:\/\/www.w3.org\/2000\/svg'><path d='M14.283 5 21 12l-6.717 7' stroke='currentColor' stroke-width='2' stroke-linecap='round' stroke-linejoin='round' fill='none'\/><path stroke='currentColor' stroke-width='2' stroke-linecap='round' d='M19.733 12.032H4' fill='none'\/><\/svg><\/i>\t<\/a><\/div>\n\t\t<\/div>\n\t<\/div>\n<\/div>\n\n<\/div>\n<\/div>\n<\/div>\n\n<\/div>\n<\/div>","protected":false},"excerpt":{"rendered":"","protected":false},"author":2,"featured_media":0,"parent":0,"menu_order":0,"comment_status":"closed","ping_status":"closed","template":"","meta":{"inline_featured_image":false,"footnotes":""},"acf":[],"yoast_head":"<!-- This site is optimized with the Yoast SEO plugin v21.5 - https:\/\/yoast.com\/wordpress\/plugins\/seo\/ -->\n<title>Results E1 - Crolis<\/title>\n<meta name=\"robots\" content=\"index, follow, max-snippet:-1, max-image-preview:large, max-video-preview:-1\" \/>\n<link rel=\"canonical\" href=\"https:\/\/www.lifecrolis.hr\/en\/results-e1\/\" \/>\n<meta property=\"og:locale\" content=\"en_US\" \/>\n<meta property=\"og:type\" content=\"article\" \/>\n<meta property=\"og:title\" content=\"Results E1 - Crolis\" \/>\n<meta property=\"og:url\" content=\"https:\/\/www.lifecrolis.hr\/en\/results-e1\/\" \/>\n<meta property=\"og:site_name\" content=\"Crolis\" \/>\n<meta property=\"article:modified_time\" content=\"2024-02-08T13:50:50+00:00\" \/>\n<meta name=\"twitter:card\" content=\"summary_large_image\" \/>\n<meta name=\"twitter:label1\" content=\"Est. reading time\" \/>\n\t<meta name=\"twitter:data1\" content=\"2 minutes\" \/>\n<script type=\"application\/ld+json\" class=\"yoast-schema-graph\">{\"@context\":\"https:\/\/schema.org\",\"@graph\":[{\"@type\":\"WebPage\",\"@id\":\"https:\/\/www.lifecrolis.hr\/en\/results-e1\/\",\"url\":\"https:\/\/www.lifecrolis.hr\/en\/results-e1\/\",\"name\":\"Results E1 - Crolis\",\"isPartOf\":{\"@id\":\"https:\/\/www.lifecrolis.hr\/en\/#website\"},\"datePublished\":\"2023-08-24T10:28:41+00:00\",\"dateModified\":\"2024-02-08T13:50:50+00:00\",\"breadcrumb\":{\"@id\":\"https:\/\/www.lifecrolis.hr\/en\/results-e1\/#breadcrumb\"},\"inLanguage\":\"en-US\",\"potentialAction\":[{\"@type\":\"ReadAction\",\"target\":[\"https:\/\/www.lifecrolis.hr\/en\/results-e1\/\"]}]},{\"@type\":\"BreadcrumbList\",\"@id\":\"https:\/\/www.lifecrolis.hr\/en\/results-e1\/#breadcrumb\",\"itemListElement\":[{\"@type\":\"ListItem\",\"position\":1,\"name\":\"Home\",\"item\":\"https:\/\/www.lifecrolis.hr\/en\/\"},{\"@type\":\"ListItem\",\"position\":2,\"name\":\"Results E1\"}]},{\"@type\":\"WebSite\",\"@id\":\"https:\/\/www.lifecrolis.hr\/en\/#website\",\"url\":\"https:\/\/www.lifecrolis.hr\/en\/\",\"name\":\"Crolis\",\"description\":\"\",\"potentialAction\":[{\"@type\":\"SearchAction\",\"target\":{\"@type\":\"EntryPoint\",\"urlTemplate\":\"https:\/\/www.lifecrolis.hr\/en\/?s={search_term_string}\"},\"query-input\":\"required name=search_term_string\"}],\"inLanguage\":\"en-US\"}]}<\/script>\n<!-- \/ Yoast SEO plugin. -->","yoast_head_json":{"title":"Results E1 - Crolis","robots":{"index":"index","follow":"follow","max-snippet":"max-snippet:-1","max-image-preview":"max-image-preview:large","max-video-preview":"max-video-preview:-1"},"canonical":"https:\/\/www.lifecrolis.hr\/en\/results-e1\/","og_locale":"en_US","og_type":"article","og_title":"Results E1 - Crolis","og_url":"https:\/\/www.lifecrolis.hr\/en\/results-e1\/","og_site_name":"Crolis","article_modified_time":"2024-02-08T13:50:50+00:00","twitter_card":"summary_large_image","twitter_misc":{"Est. reading time":"2 minutes"},"schema":{"@context":"https:\/\/schema.org","@graph":[{"@type":"WebPage","@id":"https:\/\/www.lifecrolis.hr\/en\/results-e1\/","url":"https:\/\/www.lifecrolis.hr\/en\/results-e1\/","name":"Results E1 - Crolis","isPartOf":{"@id":"https:\/\/www.lifecrolis.hr\/en\/#website"},"datePublished":"2023-08-24T10:28:41+00:00","dateModified":"2024-02-08T13:50:50+00:00","breadcrumb":{"@id":"https:\/\/www.lifecrolis.hr\/en\/results-e1\/#breadcrumb"},"inLanguage":"en-US","potentialAction":[{"@type":"ReadAction","target":["https:\/\/www.lifecrolis.hr\/en\/results-e1\/"]}]},{"@type":"BreadcrumbList","@id":"https:\/\/www.lifecrolis.hr\/en\/results-e1\/#breadcrumb","itemListElement":[{"@type":"ListItem","position":1,"name":"Home","item":"https:\/\/www.lifecrolis.hr\/en\/"},{"@type":"ListItem","position":2,"name":"Results E1"}]},{"@type":"WebSite","@id":"https:\/\/www.lifecrolis.hr\/en\/#website","url":"https:\/\/www.lifecrolis.hr\/en\/","name":"Crolis","description":"","potentialAction":[{"@type":"SearchAction","target":{"@type":"EntryPoint","urlTemplate":"https:\/\/www.lifecrolis.hr\/en\/?s={search_term_string}"},"query-input":"required name=search_term_string"}],"inLanguage":"en-US"}]}},"_links":{"self":[{"href":"https:\/\/www.lifecrolis.hr\/en\/wp-json\/wp\/v2\/pages\/2349"}],"collection":[{"href":"https:\/\/www.lifecrolis.hr\/en\/wp-json\/wp\/v2\/pages"}],"about":[{"href":"https:\/\/www.lifecrolis.hr\/en\/wp-json\/wp\/v2\/types\/page"}],"author":[{"embeddable":true,"href":"https:\/\/www.lifecrolis.hr\/en\/wp-json\/wp\/v2\/users\/2"}],"replies":[{"embeddable":true,"href":"https:\/\/www.lifecrolis.hr\/en\/wp-json\/wp\/v2\/comments?post=2349"}],"version-history":[{"count":8,"href":"https:\/\/www.lifecrolis.hr\/en\/wp-json\/wp\/v2\/pages\/2349\/revisions"}],"predecessor-version":[{"id":2884,"href":"https:\/\/www.lifecrolis.hr\/en\/wp-json\/wp\/v2\/pages\/2349\/revisions\/2884"}],"wp:attachment":[{"href":"https:\/\/www.lifecrolis.hr\/en\/wp-json\/wp\/v2\/media?parent=2349"}],"curies":[{"name":"wp","href":"https:\/\/api.w.org\/{rel}","templated":true}]}}