{"id":1284,"date":"2023-07-12T15:10:34","date_gmt":"2023-07-12T15:10:34","guid":{"rendered":"https:\/\/www.lifecrolis.hr\/f2\/"},"modified":"2023-09-14T16:28:22","modified_gmt":"2023-09-14T16:28:22","slug":"f2","status":"publish","type":"page","link":"https:\/\/www.lifecrolis.hr\/en\/f2\/","title":{"rendered":"F2 Audit"},"content":{"rendered":"\n<div class=\"wrapper\" data-id=\"5a2a5c90\"  \n\t\t>\n\t\t\n\t\t\t<div class=\"wrapper__inner\">\n\t\t\t\n<div class=\"block-image\" data-id=\"e9da0a70\">\n\t<picture class=\"image block-image__image\" data-id=\"57d247f2\">\n\n\t\n\t\t\t\t\t\t\t\t\t\n\t<img\n\t\tsrc=\"https:\/\/www.lifecrolis.hr\/wp-content\/uploads\/2023\/05\/Mini_kolaz.png\"\n\t\talt=\"\"\n\t\tclass=\"image__img block-image__image-img\"\n\t\/>\n<\/picture><\/div>\n\t\t<\/div>\n\t<\/div>\n\n\n<div class=\"wrapper wrapper--simple\" data-id=\"c8c71de4\"  \n\t\t>\n\t\t\n\t\n<div class=\"block-columns\" data-id=\"fa123b85\">\n\t\n\n<div class=\"block-column\" data-id=\"28a2d823\">\n\t\n\n<div class=\"wrapper wrapper--simple\" data-id=\"8d70bdf5\"  \n\t\t>\n\t\t\n\t\t\t<div class=\"wrapper__inner\">\n\t\t\t\n<div class=\"block-button\" data-id=\"23d82933\">\n\t<a\n\t\t\n\t\thref=\"https:\/\/www.lifecrolis.hr\/en\/activity\/\"\n\t\tclass=\"btn btn__link block-button__btn\"\n\t\t\t\ttitle=\"Back to Actions\"\n\t\t\t\tdata-id=\"b324fe14\"\n\t\t\t>\n\t<i class=\"icon btn__icon\" data-id=\"ad6e4622\">\n\t<svg width='24' height='24' viewBox='0 0 24 24' fill='none' xmlns='http:\/\/www.w3.org\/2000\/svg'><path d='M9.717 5 3 12l6.717 7' stroke='currentColor' stroke-width='2' stroke-linecap='round' stroke-linejoin='round' fill='none'\/><path stroke='currentColor' stroke-width='2' stroke-linecap='round' d='M4.267 12.032H20' fill='none'\/><\/svg><\/i>\t\t<span>\n\t\tBack to Actions<\/span>\n\t\t\t<\/a><\/div>\n\t\t<\/div>\n\t<\/div>\n<\/div>\n\n<\/div>\n<\/div>\n\n\n<div class=\"wrapper wrapper--simple\" data-id=\"4924e6a9\"  \n\t\t>\n\t\t\n\t\n<div class=\"block-columns\" data-id=\"117061f8\">\n\t\n\n<div class=\"block-column\" data-id=\"b8f6595e\">\n\t\n\n<div class=\"wrapper wrapper--simple\" data-id=\"c6740fdc\"  \n\t\t>\n\t\t\n\t\t\t<div class=\"wrapper__inner\">\n\t\t\t\n<div class=\"block-paragraph\" data-id=\"4eddc253\">\n\t<p class=\"paragraph block-paragraph__paragraph\" data-id=\"7d3fa1c3\">\n\tF  Project management<\/p><\/div>\t\t<\/div>\n\t<\/div>\n\n\n<div class=\"wrapper wrapper--simple\" data-id=\"2d365237\"  \n\t\t>\n\t\t\n\t\t\t<div class=\"wrapper__inner\">\n\t\t\t\n<div class=\"block-heading\" data-id=\"ad27d3bf\">\n\t<h2 class=\"heading block-heading__heading\" data-id=\"532967ab\">\n\tF2 Audit<\/h2><\/div>\n\t\t<\/div>\n\t<\/div>\n\n\n<div class=\"wrapper wrapper--simple\" data-id=\"97ad2c6a\"  \n\t\t>\n\t\t\n\t\t\t<div class=\"wrapper__inner\">\n\t\t\t\n<div class=\"block-paragraph\" data-id=\"9002fcf5\">\n\t<p class=\"paragraph block-paragraph__paragraph\" data-id=\"d1948b0e\">\n\tIn accordance with the requirements of the LIFE programme, the European Commission can carry out technical and financial checks and audits in connection with the use of grants. The audit can be initiated during the implementation of the Agreement and during a period of five years starting from the date when the last payment was made.<\/p><\/div>\t\t<\/div>\n\t<\/div>\n\n\n<div class=\"wrapper wrapper--simple\" data-id=\"d89bf223\"  \n\t\t>\n\t\t\n\t\t\t<div class=\"wrapper__inner\">\n\t\t\t\n<div class=\"block-paragraph\" data-id=\"c09bd92e\">\n\t<p class=\"paragraph block-paragraph__paragraph\" data-id=\"1484c96b\">\n\tAccordingly, this activity includes the establishment of financial monitoring of the project, financial management of the project, monitoring of financial documentation and compliance of all partners\u2019 operations with national legislation.<\/p><\/div>\t\t<\/div>\n\t<\/div>\n<\/div>\n\n\n\n<div class=\"block-column\" data-id=\"bdf54e4e\">\n\t\n\n<div class=\"wrapper wrapper--simple\" data-id=\"2d1976bf\"  \n\t\t>\n\t\t\n\t\n<div class=\"block-columns\" data-id=\"4a6fb4dc\">\n\t\n\n<div class=\"block-column\" data-id=\"d33aa033\">\n\t\n\n<div class=\"wrapper wrapper--simple\" data-id=\"03569250\"  \n\t\t>\n\t\t\n\t\t\t<div class=\"wrapper__inner\">\n\t\t\t\n<div class=\"block-heading\" data-id=\"27c310b1\">\n\t<h2 class=\"heading block-heading__heading\" data-id=\"03c727e1\">\n\tFollowing actions<\/h2><\/div>\n\t\t<\/div>\n\t<\/div>\n<\/div>\n\n\n\n<div class=\"block-column\" data-id=\"f2df60af\">\n\t\n\n<div class=\"wrapper wrapper--simple\" data-id=\"62e0fc92\"  \n\t\t>\n\t\t\n\t\t\t<div class=\"wrapper__inner\">\n\t\t\t\n<div class=\"block-heading\" data-id=\"f30870ed\">\n\t<h2 class=\"heading block-heading__heading\" data-id=\"04877904\">\n\tF3<\/h2><\/div>\n\t\t<\/div>\n\t<\/div>\n\n\n<div class=\"wrapper wrapper--simple\" data-id=\"99bbc1db\"  \n\t\t>\n\t\t\n\t\t\t<div class=\"wrapper__inner\">\n\t\t\t\n<div class=\"block-heading\" data-id=\"183947f7\">\n\t<h2 class=\"heading block-heading__heading\" data-id=\"f8b0f98f\">\n\t<strong><strong>AfterLife Plan<\/strong><\/strong><\/h2><\/div>\n\t\t<\/div>\n\t<\/div>\n\n\n<div class=\"wrapper wrapper--simple\" data-id=\"e062d1c6\"  \n\t\t>\n\t\t\n\t\t\t<div class=\"wrapper__inner\">\n\t\t\t\n<div class=\"block-paragraph\" data-id=\"abb9b230\">\n\t<p class=\"paragraph block-paragraph__paragraph\" data-id=\"57e71796\">\n\tThis Action implies the creation of a Plan on the long-term sustainability of the CROLIS system, which will define the obligations and duties of individual institutions in the post-implementation period. The plan will foresee possibilities of expansion and permanent improvement of the system. According to the Plan, within a period of five years after the completion of the project implementation, the beneficiary coordinator will submit annual reports to the Government of the Republic of Croatia.<\/p><\/div>\t\t<\/div>\n\t<\/div>\n\n\n<div class=\"wrapper wrapper--simple\" data-id=\"b149b242\"  \n\t\t>\n\t\t\n\t\t\t<div class=\"wrapper__inner\">\n\t\t\t\n<div class=\"block-paragraph\" data-id=\"b952ca95\">\n\t<p class=\"paragraph block-paragraph__paragraph\" data-id=\"5334159e\">\n\t<a href=\"https:\/\/www.lifecrolis.hr\/en\/f3\/\" data-type=\"URL\" data-id=\"https:\/\/www.lifecrolis.hr\/en\/f3\/\">Read more<\/a><\/p><\/div>\t\t<\/div>\n\t<\/div>\n<\/div>\n\n\n\n<div class=\"block-column\" data-id=\"26a6242c\">\n\t\n\n<div class=\"wrapper wrapper--simple\" data-id=\"dd4636bb\"  \n\t\t>\n\t\t\n\t\t\t<div class=\"wrapper__inner\">\n\t\t\t\n<div class=\"block-heading\" data-id=\"f56d3ffc\">\n\t<h2 class=\"heading block-heading__heading\" data-id=\"44b3e2d3\">\n\tF1<\/h2><\/div>\n\t\t<\/div>\n\t<\/div>\n\n\n<div class=\"wrapper wrapper--simple\" data-id=\"bb9392e7\"  \n\t\t>\n\t\t\n\t\t\t<div class=\"wrapper__inner\">\n\t\t\t\n<div class=\"block-heading\" data-id=\"cd188fa3\">\n\t<h2 class=\"heading block-heading__heading\" data-id=\"79598728\">\n\t<strong><strong><strong>Overall project management<\/strong><\/strong><\/strong><\/h2><\/div>\n\t\t<\/div>\n\t<\/div>\n\n\n<div class=\"wrapper wrapper--simple\" data-id=\"a5610ea0\"  \n\t\t>\n\t\t\n\t\t\t<div class=\"wrapper__inner\">\n\t\t\t\n<div class=\"block-paragraph\" data-id=\"5225fb44\">\n\t<p class=\"paragraph block-paragraph__paragraph\" data-id=\"48622956\">\n\tThis Action refers to the overall management of project implementation by the project team and governing bodies (Management Board and Steering Committee) established for the needs of the project in accordance with the highest criteria of professional management. It includes duties such as ensuring an audit trail, preparing regular and on-demand reports, and overall project management.<\/p><\/div>\t\t<\/div>\n\t<\/div>\n\n\n<div class=\"wrapper wrapper--simple\" data-id=\"46f33dd2\"  \n\t\t>\n\t\t\n\t\t\t<div class=\"wrapper__inner\">\n\t\t\t\n<div class=\"block-paragraph\" data-id=\"bbf22a03\">\n\t<p class=\"paragraph block-paragraph__paragraph\" data-id=\"99ff586d\">\n\t<a href=\"https:\/\/www.lifecrolis.hr\/en\/f1\/\" data-type=\"URL\" data-id=\"https:\/\/www.lifecrolis.hr\/en\/f1\/\">Read more<\/a><\/p><\/div>\t\t<\/div>\n\t<\/div>\n<\/div>\n\n\n\n<div class=\"block-column\" data-id=\"d4df7909\">\n\t\n\n<div class=\"wrapper wrapper--simple\" data-id=\"fa9ebba1\"  \n\t\t>\n\t\t\n\t\t\t<div class=\"wrapper__inner\">\n\t\t\t\n<div class=\"block-heading\" data-id=\"54e3a23d\">\n\t<h2 class=\"heading block-heading__heading\" data-id=\"c9d2c9d2\">\n\tA1<\/h2><\/div>\n\t\t<\/div>\n\t<\/div>\n\n\n<div class=\"wrapper wrapper--simple\" data-id=\"16145b35\"  \n\t\t>\n\t\t\n\t\t\t<div class=\"wrapper__inner\">\n\t\t\t\n<div class=\"block-heading\" data-id=\"f4b4e8d0\">\n\t<h2 class=\"heading block-heading__heading\" data-id=\"4fc0a2e8\">\n\t<strong>Project establishment<\/strong><\/h2><\/div>\n\t\t<\/div>\n\t<\/div>\n\n\n<div class=\"wrapper wrapper--simple\" data-id=\"3dba9f79\"  \n\t\t>\n\t\t\n\t\t\t<div class=\"wrapper__inner\">\n\t\t\t\n<div class=\"block-paragraph\" data-id=\"1f97bd7a\">\n\t<p class=\"paragraph block-paragraph__paragraph\" data-id=\"a987a8f2\">\n\tAktivnost podrazumijeva organizacijsku i tehni\u010dku pripremu sustava za provedbu projekta LIFE CROLIS te zapo\u0161ljavanje \u010dlanova projektnog tima.<\/p><\/div>\t\t<\/div>\n\t<\/div>\n\n\n<div class=\"wrapper wrapper--simple\" data-id=\"6777bece\"  \n\t\t>\n\t\t\n\t\t\t<div class=\"wrapper__inner\">\n\t\t\t\n<div class=\"block-paragraph\" data-id=\"9f1aa8e4\">\n\t<p class=\"paragraph block-paragraph__paragraph\" data-id=\"de727d31\">\n\t<a href=\"https:\/\/www.lifecrolis.hr\/en\/a1\/\" data-type=\"URL\" data-id=\"https:\/\/www.lifecrolis.hr\/en\/a1\/\">Read more<\/a><\/p><\/div>\t\t<\/div>\n\t<\/div>\n<\/div>\n\n<\/div>\n<\/div>\n<\/div>\n\n<\/div>\n<\/div>","protected":false},"excerpt":{"rendered":"","protected":false},"author":2,"featured_media":0,"parent":0,"menu_order":0,"comment_status":"closed","ping_status":"closed","template":"","meta":{"inline_featured_image":false,"footnotes":""},"acf":[],"yoast_head":"<!-- This site is optimized with the Yoast SEO plugin v21.5 - https:\/\/yoast.com\/wordpress\/plugins\/seo\/ -->\n<title>F2 Audit - Crolis<\/title>\n<meta name=\"robots\" content=\"index, follow, max-snippet:-1, max-image-preview:large, max-video-preview:-1\" \/>\n<link rel=\"canonical\" href=\"https:\/\/www.lifecrolis.hr\/en\/f2\/\" \/>\n<meta property=\"og:locale\" content=\"en_US\" \/>\n<meta property=\"og:type\" content=\"article\" \/>\n<meta property=\"og:title\" content=\"F2 Audit - Crolis\" \/>\n<meta property=\"og:url\" content=\"https:\/\/www.lifecrolis.hr\/en\/f2\/\" \/>\n<meta property=\"og:site_name\" content=\"Crolis\" \/>\n<meta property=\"article:modified_time\" content=\"2023-09-14T16:28:22+00:00\" \/>\n<meta name=\"twitter:card\" content=\"summary_large_image\" \/>\n<script type=\"application\/ld+json\" class=\"yoast-schema-graph\">{\"@context\":\"https:\/\/schema.org\",\"@graph\":[{\"@type\":\"WebPage\",\"@id\":\"https:\/\/www.lifecrolis.hr\/en\/f2\/\",\"url\":\"https:\/\/www.lifecrolis.hr\/en\/f2\/\",\"name\":\"F2 Audit - Crolis\",\"isPartOf\":{\"@id\":\"https:\/\/www.lifecrolis.hr\/en\/#website\"},\"datePublished\":\"2023-07-12T15:10:34+00:00\",\"dateModified\":\"2023-09-14T16:28:22+00:00\",\"breadcrumb\":{\"@id\":\"https:\/\/www.lifecrolis.hr\/en\/f2\/#breadcrumb\"},\"inLanguage\":\"en-US\",\"potentialAction\":[{\"@type\":\"ReadAction\",\"target\":[\"https:\/\/www.lifecrolis.hr\/en\/f2\/\"]}]},{\"@type\":\"BreadcrumbList\",\"@id\":\"https:\/\/www.lifecrolis.hr\/en\/f2\/#breadcrumb\",\"itemListElement\":[{\"@type\":\"ListItem\",\"position\":1,\"name\":\"Home\",\"item\":\"https:\/\/www.lifecrolis.hr\/en\/\"},{\"@type\":\"ListItem\",\"position\":2,\"name\":\"F2 Audit\"}]},{\"@type\":\"WebSite\",\"@id\":\"https:\/\/www.lifecrolis.hr\/en\/#website\",\"url\":\"https:\/\/www.lifecrolis.hr\/en\/\",\"name\":\"Crolis\",\"description\":\"\",\"potentialAction\":[{\"@type\":\"SearchAction\",\"target\":{\"@type\":\"EntryPoint\",\"urlTemplate\":\"https:\/\/www.lifecrolis.hr\/en\/?s={search_term_string}\"},\"query-input\":\"required name=search_term_string\"}],\"inLanguage\":\"en-US\"}]}<\/script>\n<!-- \/ Yoast SEO plugin. -->","yoast_head_json":{"title":"F2 Audit - Crolis","robots":{"index":"index","follow":"follow","max-snippet":"max-snippet:-1","max-image-preview":"max-image-preview:large","max-video-preview":"max-video-preview:-1"},"canonical":"https:\/\/www.lifecrolis.hr\/en\/f2\/","og_locale":"en_US","og_type":"article","og_title":"F2 Audit - Crolis","og_url":"https:\/\/www.lifecrolis.hr\/en\/f2\/","og_site_name":"Crolis","article_modified_time":"2023-09-14T16:28:22+00:00","twitter_card":"summary_large_image","schema":{"@context":"https:\/\/schema.org","@graph":[{"@type":"WebPage","@id":"https:\/\/www.lifecrolis.hr\/en\/f2\/","url":"https:\/\/www.lifecrolis.hr\/en\/f2\/","name":"F2 Audit - Crolis","isPartOf":{"@id":"https:\/\/www.lifecrolis.hr\/en\/#website"},"datePublished":"2023-07-12T15:10:34+00:00","dateModified":"2023-09-14T16:28:22+00:00","breadcrumb":{"@id":"https:\/\/www.lifecrolis.hr\/en\/f2\/#breadcrumb"},"inLanguage":"en-US","potentialAction":[{"@type":"ReadAction","target":["https:\/\/www.lifecrolis.hr\/en\/f2\/"]}]},{"@type":"BreadcrumbList","@id":"https:\/\/www.lifecrolis.hr\/en\/f2\/#breadcrumb","itemListElement":[{"@type":"ListItem","position":1,"name":"Home","item":"https:\/\/www.lifecrolis.hr\/en\/"},{"@type":"ListItem","position":2,"name":"F2 Audit"}]},{"@type":"WebSite","@id":"https:\/\/www.lifecrolis.hr\/en\/#website","url":"https:\/\/www.lifecrolis.hr\/en\/","name":"Crolis","description":"","potentialAction":[{"@type":"SearchAction","target":{"@type":"EntryPoint","urlTemplate":"https:\/\/www.lifecrolis.hr\/en\/?s={search_term_string}"},"query-input":"required name=search_term_string"}],"inLanguage":"en-US"}]}},"_links":{"self":[{"href":"https:\/\/www.lifecrolis.hr\/en\/wp-json\/wp\/v2\/pages\/1284"}],"collection":[{"href":"https:\/\/www.lifecrolis.hr\/en\/wp-json\/wp\/v2\/pages"}],"about":[{"href":"https:\/\/www.lifecrolis.hr\/en\/wp-json\/wp\/v2\/types\/page"}],"author":[{"embeddable":true,"href":"https:\/\/www.lifecrolis.hr\/en\/wp-json\/wp\/v2\/users\/2"}],"replies":[{"embeddable":true,"href":"https:\/\/www.lifecrolis.hr\/en\/wp-json\/wp\/v2\/comments?post=1284"}],"version-history":[{"count":8,"href":"https:\/\/www.lifecrolis.hr\/en\/wp-json\/wp\/v2\/pages\/1284\/revisions"}],"predecessor-version":[{"id":2437,"href":"https:\/\/www.lifecrolis.hr\/en\/wp-json\/wp\/v2\/pages\/1284\/revisions\/2437"}],"wp:attachment":[{"href":"https:\/\/www.lifecrolis.hr\/en\/wp-json\/wp\/v2\/media?parent=1284"}],"curies":[{"name":"wp","href":"https:\/\/api.w.org\/{rel}","templated":true}]}}